{"id":84,"date":"2023-07-05T18:51:42","date_gmt":"2023-07-05T18:51:42","guid":{"rendered":"https:\/\/lasallecancun.edu.mx\/congresoeducacion2023\/?page_id=84"},"modified":"2023-07-28T01:36:18","modified_gmt":"2023-07-28T01:36:18","slug":"lourdes-magali-azcorra-rejon","status":"publish","type":"page","link":"https:\/\/lasallecancun.edu.mx\/congresoeducacion2023\/lourdes-magali-azcorra-rejon\/","title":{"rendered":"Lourdes Magali Azcorra Rej\u00f3n"},"content":{"rendered":"\t\t<div data-elementor-type=\"wp-page\" data-elementor-id=\"84\" class=\"elementor elementor-84\">\n\t\t\t\t\t\t\t\t\t<section class=\"elementor-section elementor-top-section elementor-element elementor-element-bc74286 elementor-section-boxed elementor-section-height-default elementor-section-height-default\" data-id=\"bc74286\" data-element_type=\"section\">\n\t\t\t\t\t\t<div class=\"elementor-container elementor-column-gap-default\">\n\t\t\t\t\t<div class=\"elementor-column elementor-col-33 elementor-top-column elementor-element elementor-element-9b6de20\" data-id=\"9b6de20\" data-element_type=\"column\" data-settings=\"{&quot;background_background&quot;:&quot;classic&quot;}\">\n\t\t\t<div class=\"elementor-widget-wrap elementor-element-populated\">\n\t\t\t\t\t\t\t\t<div class=\"elementor-element elementor-element-57dc103 elementor-widget elementor-widget-image\" data-id=\"57dc103\" data-element_type=\"widget\" data-widget_type=\"image.default\">\n\t\t\t\t<div class=\"elementor-widget-container\">\n\t\t\t<style>\/*! elementor - v3.14.0 - 26-06-2023 *\/\n.elementor-widget-image{text-align:center}.elementor-widget-image a{display:inline-block}.elementor-widget-image a img[src$=\".svg\"]{width:48px}.elementor-widget-image img{vertical-align:middle;display:inline-block}<\/style>\t\t\t\t\t\t\t\t\t\t\t\t\t<a href=\"https:\/\/lasallecancun-edu.mx\/congresoeducacion2023\/\">\n\t\t\t\t\t\t\t<img decoding=\"async\" width=\"300\" height=\"186\" src=\"https:\/\/lasallecancun.edu.mx\/congresoeducacion2023\/wp-content\/uploads\/2023\/07\/logo-FML23-300x186.png\" class=\"attachment-medium size-medium wp-image-16\" alt=\"\" loading=\"lazy\" srcset=\"https:\/\/lasallecancun.edu.mx\/congresoeducacion2023\/wp-content\/uploads\/2023\/07\/logo-FML23-300x186.png 300w, https:\/\/lasallecancun.edu.mx\/congresoeducacion2023\/wp-content\/uploads\/2023\/07\/logo-FML23.png 700w\" sizes=\"(max-width: 300px) 100vw, 300px\" style=\"width:100%;height:62.14%;max-width:700px\" \/>\t\t\t\t\t\t\t\t<\/a>\n\t\t\t\t\t\t\t\t\t\t\t\t\t\t\t<\/div>\n\t\t\t\t<\/div>\n\t\t\t\t\t<\/div>\n\t\t<\/div>\n\t\t\t\t<div class=\"elementor-column elementor-col-66 elementor-top-column elementor-element elementor-element-6f44493\" data-id=\"6f44493\" data-element_type=\"column\" data-settings=\"{&quot;background_background&quot;:&quot;classic&quot;}\">\n\t\t\t<div class=\"elementor-widget-wrap elementor-element-populated\">\n\t\t\t\t\t\t\t\t<div class=\"elementor-element elementor-element-e68ebbd elementor-widget elementor-widget-html\" data-id=\"e68ebbd\" data-element_type=\"widget\" data-widget_type=\"html.default\">\n\t\t\t\t<div class=\"elementor-widget-container\">\n\t\t\t<!DOCTYPE html>\n<html>\n<head>\n<meta name=\"viewport\" content=\"width=device-width, initial-scale=1\">\n<link rel=\"stylesheet\" href=\"https:\/\/cdnjs.cloudflare.com\/ajax\/libs\/font-awesome\/4.7.0\/css\/font-awesome.min.css\">\n<style>\n\n@font-face {\n   font-family: myFirstFont;\n   src: url(https:\/\/lasallecancun.edu.mx\/fonts\/indivisa_display_sans-regular.woff);\n   font-weight: bold;\n}\n\n* {\n   font-family: myFirstFont;\n}\t\nbody {margin:0px; text-align: center}\n.topnav {\n  overflow: hidden;\n  background-color: #232e64;\n}\n\n.topnav a {\n  float: left;\n  display: block;\n  color: #f2f2f2;\n  text-align: left;\n  padding: 14px 20px;\n  text-decoration: none;\n  font-size: 18pxpx;\n  line-height: 22px;\n}\n\n.active {\n  background-color: #04AA6D;\n  color: white;\t\n}\n\n.topnav .icon {\n  display: none;\n}\n\n.dropdown {\n  float: left;\n  overflow: hidden;\n  background-color: #232e64;\n}\n\n.dropdown .dropbtn {\n  font-size: 18px;\n  line-height: 22px;\n  border: none;\n  outline: none;\n  color: white;\n  padding: 14px 19px;\n  background-color: inherit;\n  font-family: inherit;\n  margin: 0;\n  text-align: left;\n}\n\n.dropdown-content {\n  display: none;\n  position: absolute;\n  background-color: #2378dc;\n  width: 60%;\n  box-shadow: 0px 8px 16px 0px rgba(0,0,0,0.2);\n  z-index: 1;\n}\n\n.dropdown-content a {\n  float: none;\n  color: white;\n  padding: 12px 16px;\n  text-decoration: none;\n  display: block;\n  text-align: left;\n}\n\n.topnav a:hover, .dropdown:hover .dropbtn {\n  background-color: inherit;\n  color:#fa4238;\n}\n\n.dropdown-content a:hover { \n  color:#232e64;\n}\n\n.dropdown:hover .dropdown-content {\n  display: block;\n}\n\n.fa-chevron-down {\n\t\tcolor:red;\n\t\tpadding-left: 10px;\n\t}\n\t\n.dropbtn{background-color: #232e64!important;}\n\t\n.subseccion {\n\tdisplay: block;\n   text-decoration: none!important;\n\tcolor:#232e64!important;\n\tpadding: 15px 0px 15px 12px;\n\t}\t\n\n@media screen and (min-width: 1200px) {\n  .topnav a,\n  .dropdown .dropbtn {\n    font-size: 22px;\n    line-height: 24px;\n  }\n}\n\n@media screen and (max-width: 1200px) {\n  .topnav a,\n  .dropdown .dropbtn {\n    font-size: 20px;\n    line-height: 22px;\n  }\n}\n\n@media screen and (max-width: 800px) {\n  .topnav a,\n  .dropdown .dropbtn {\n    font-size: 18px;\n    line-height: 20px;\n  }\n}\t\t\n\t\n\t\n@media screen and (max-width: 768px) {\n  .topnav a:not(:first-child), .dropdown .dropbtn {\n    display: none;\n  }\n  .topnav a.icon {\n    float: right;\n    display: block;\n  }\n}\n\n@media screen and (max-width: 768px) {\n  .topnav.responsive {position: relative;}\n  .topnav.responsive .icon {\n    position: absolute;\n    right: 0;\n    top: 0;\n  }\n  .topnav.responsive a {\n    float: none;\n    display: block;\n    text-align: left;\n  }\n  .topnav.responsive .dropdown {float: none;}\n  .topnav.responsive .dropdown-content {position: relative;}\n  .topnav.responsive .dropdown .dropbtn {\n    display: block;\n    width: 100%;\n    text-align: left;\n  }\n}\n<\/style>\n<\/head>\n<body>\n\n<div class=\"topnav\" id=\"myTopnav\">\n\t<a href=\"https:\/\/lasallecancun.edu.mx\/congresoeducacion2023\/\">Inicio<\/a>\n\t<a href=\"https:\/\/lasallecancun.edu.mx\/congresoeducacion2023\/nuestro-proposito\">Nuestro Prop\u00f3sito<\/a>\n    <div class=\"dropdown\">\n    <button class=\"dropbtn\">Semblanzas \n      <i class=\"fa fa-chevron-down\"><\/i>\n    <\/button>\n    <div class=\"dropdown-content\">\n      <a href=\"https:\/\/lasallecancun.edu.mx\/congresoeducacion2023\/hno-alvaro-antonio-rodriguez-echeverria\">Hno. \u00c1lvaro Antonio Rodr\u00edguez Echeverr\u00eda, FSC<\/a>\n      <a href=\"https:\/\/lasallecancun.edu.mx\/congresoeducacion2023\/hno-rafael-ceron\">Hno. Rafael Cer\u00f3n.<\/a>\n\t  <a href=\"https:\/\/lasallecancun.edu.mx\/congresoeducacion2023\/lourdes-magali-azcorra-rejon\">Lourdes Magaly Azcorra Rej\u00f3n<\/a>\n\t  <a href=\"https:\/\/lasallecancun.edu.mx\/congresoeducacion2023\/mtro-efrain-calderon-amaya\">Mtro. Efra\u00edn Calder\u00f3n Amaya<\/a>\n\t   <a href=\"https:\/\/lasallecancun.edu.mx\/congresoeducacion2023\/mtro-mauricio-guerrero-luna\">Mtro. Mauricio Guerrero Luna<\/a>\t\n\t  <span class=\"subseccion\"><\/span>\t\n    <\/div>\n  <\/div>\n   <a href=\"https:\/\/lasallecancun.edu.mx\/congresoeducacion2023\/programa-actividades\">Programa de actividades<\/a>\n  <a href=\"https:\/\/lasallecancun.edu.mx\/congresoeducacion2023\/galeria-0\">Galer\u00eda<\/a>\t\n\n  <a href=\"javascript:void(0);\" style=\"font-size:35px;padding-right:55px\" class=\"icon\" onclick=\"myFunction()\">&#9776;<\/a>\n<\/div>\n\n\n\n<script>\nfunction myFunction() {\n  var x = document.getElementById(\"myTopnav\");\n  if (x.className === \"topnav\") {\n    x.className += \" responsive\";\n  } else {\n    x.className = \"topnav\";\n  }\n}\n<\/script>\n\n<\/body>\n<\/html>\n\t\t<\/div>\n\t\t\t\t<\/div>\n\t\t\t\t\t<\/div>\n\t\t<\/div>\n\t\t\t\t\t\t\t<\/div>\n\t\t<\/section>\n\t\t\t\t<section class=\"elementor-section elementor-top-section elementor-element elementor-element-c04ef70 elementor-section-boxed elementor-section-height-default elementor-section-height-default\" data-id=\"c04ef70\" data-element_type=\"section\">\n\t\t\t\t\t\t<div class=\"elementor-container elementor-column-gap-default\">\n\t\t\t\t\t<div class=\"elementor-column elementor-col-33 elementor-top-column elementor-element elementor-element-e01ebcc\" data-id=\"e01ebcc\" data-element_type=\"column\">\n\t\t\t<div class=\"elementor-widget-wrap elementor-element-populated\">\n\t\t\t\t\t\t\t\t<div class=\"elementor-element elementor-element-9299ec1 elementor-widget elementor-widget-spacer\" data-id=\"9299ec1\" data-element_type=\"widget\" data-widget_type=\"spacer.default\">\n\t\t\t\t<div class=\"elementor-widget-container\">\n\t\t\t<style>\/*! elementor - v3.14.0 - 26-06-2023 *\/\n.elementor-column .elementor-spacer-inner{height:var(--spacer-size)}.e-con{--container-widget-width:100%}.e-con-inner>.elementor-widget-spacer,.e-con>.elementor-widget-spacer{width:var(--container-widget-width,var(--spacer-size));--align-self:var(--container-widget-align-self,initial);--flex-shrink:0}.e-con-inner>.elementor-widget-spacer>.elementor-widget-container,.e-con-inner>.elementor-widget-spacer>.elementor-widget-container>.elementor-spacer,.e-con>.elementor-widget-spacer>.elementor-widget-container,.e-con>.elementor-widget-spacer>.elementor-widget-container>.elementor-spacer{height:100%}.e-con-inner>.elementor-widget-spacer>.elementor-widget-container>.elementor-spacer>.elementor-spacer-inner,.e-con>.elementor-widget-spacer>.elementor-widget-container>.elementor-spacer>.elementor-spacer-inner{height:var(--container-widget-height,var(--spacer-size))}<\/style>\t\t<div class=\"elementor-spacer\">\n\t\t\t<div class=\"elementor-spacer-inner\"><\/div>\n\t\t<\/div>\n\t\t\t\t<\/div>\n\t\t\t\t<\/div>\n\t\t\t\t\t<\/div>\n\t\t<\/div>\n\t\t\t\t<div class=\"elementor-column elementor-col-66 elementor-top-column elementor-element elementor-element-f7d0c4b\" data-id=\"f7d0c4b\" data-element_type=\"column\">\n\t\t\t<div class=\"elementor-widget-wrap\">\n\t\t\t\t\t\t\t\t\t<\/div>\n\t\t<\/div>\n\t\t\t\t\t\t\t<\/div>\n\t\t<\/section>\n\t\t\t\t<section class=\"elementor-section elementor-top-section elementor-element elementor-element-1721d8f elementor-section-boxed elementor-section-height-default elementor-section-height-default\" data-id=\"1721d8f\" data-element_type=\"section\">\n\t\t\t\t\t\t<div class=\"elementor-container elementor-column-gap-default\">\n\t\t\t\t\t<div class=\"elementor-column elementor-col-33 elementor-top-column elementor-element elementor-element-12437bf\" data-id=\"12437bf\" data-element_type=\"column\">\n\t\t\t<div class=\"elementor-widget-wrap elementor-element-populated\">\n\t\t\t\t\t\t\t\t<div class=\"elementor-element elementor-element-076600c elementor-widget elementor-widget-image\" data-id=\"076600c\" data-element_type=\"widget\" data-widget_type=\"image.default\">\n\t\t\t\t<div class=\"elementor-widget-container\">\n\t\t\t\t\t\t\t\t\t\t\t\t\t\t\t<img decoding=\"async\" width=\"300\" height=\"300\" src=\"https:\/\/lasallecancun.edu.mx\/congresoeducacion2023\/wp-content\/uploads\/2023\/07\/img3-300x300.jpg\" class=\"attachment-medium size-medium wp-image-173\" alt=\"\" loading=\"lazy\" srcset=\"https:\/\/lasallecancun.edu.mx\/congresoeducacion2023\/wp-content\/uploads\/2023\/07\/img3-300x300.jpg 300w, https:\/\/lasallecancun.edu.mx\/congresoeducacion2023\/wp-content\/uploads\/2023\/07\/img3-150x150.jpg 150w, https:\/\/lasallecancun.edu.mx\/congresoeducacion2023\/wp-content\/uploads\/2023\/07\/img3.jpg 501w\" sizes=\"(max-width: 300px) 100vw, 300px\" style=\"width:100%;height:100%;max-width:501px\" \/>\t\t\t\t\t\t\t\t\t\t\t\t\t\t\t<\/div>\n\t\t\t\t<\/div>\n\t\t\t\t\t<\/div>\n\t\t<\/div>\n\t\t\t\t<div class=\"elementor-column elementor-col-66 elementor-top-column elementor-element elementor-element-21cbdcb\" data-id=\"21cbdcb\" data-element_type=\"column\">\n\t\t\t<div class=\"elementor-widget-wrap elementor-element-populated\">\n\t\t\t\t\t\t\t\t<div class=\"elementor-element elementor-element-87da675 elementor-widget elementor-widget-heading\" data-id=\"87da675\" data-element_type=\"widget\" data-widget_type=\"heading.default\">\n\t\t\t\t<div class=\"elementor-widget-container\">\n\t\t\t<style>\/*! elementor - v3.14.0 - 26-06-2023 *\/\n.elementor-heading-title{padding:0;margin:0;line-height:1}.elementor-widget-heading .elementor-heading-title[class*=elementor-size-]>a{color:inherit;font-size:inherit;line-height:inherit}.elementor-widget-heading .elementor-heading-title.elementor-size-small{font-size:15px}.elementor-widget-heading .elementor-heading-title.elementor-size-medium{font-size:19px}.elementor-widget-heading .elementor-heading-title.elementor-size-large{font-size:29px}.elementor-widget-heading .elementor-heading-title.elementor-size-xl{font-size:39px}.elementor-widget-heading .elementor-heading-title.elementor-size-xxl{font-size:59px}<\/style><h2 class=\"elementor-heading-title elementor-size-default\">Lourdes Magali Azcorra Rej\u00f3n<\/h2>\t\t<\/div>\n\t\t\t\t<\/div>\n\t\t\t\t<div class=\"elementor-element elementor-element-42991c4 elementor-widget-divider--view-line elementor-widget elementor-widget-divider\" data-id=\"42991c4\" data-element_type=\"widget\" data-widget_type=\"divider.default\">\n\t\t\t\t<div class=\"elementor-widget-container\">\n\t\t\t<style>\/*! elementor - v3.14.0 - 26-06-2023 *\/\n.elementor-widget-divider{--divider-border-style:none;--divider-border-width:1px;--divider-color:#0c0d0e;--divider-icon-size:20px;--divider-element-spacing:10px;--divider-pattern-height:24px;--divider-pattern-size:20px;--divider-pattern-url:none;--divider-pattern-repeat:repeat-x}.elementor-widget-divider .elementor-divider{display:flex}.elementor-widget-divider .elementor-divider__text{font-size:15px;line-height:1;max-width:95%}.elementor-widget-divider .elementor-divider__element{margin:0 var(--divider-element-spacing);flex-shrink:0}.elementor-widget-divider .elementor-icon{font-size:var(--divider-icon-size)}.elementor-widget-divider .elementor-divider-separator{display:flex;margin:0;direction:ltr}.elementor-widget-divider--view-line_icon .elementor-divider-separator,.elementor-widget-divider--view-line_text .elementor-divider-separator{align-items:center}.elementor-widget-divider--view-line_icon .elementor-divider-separator:after,.elementor-widget-divider--view-line_icon .elementor-divider-separator:before,.elementor-widget-divider--view-line_text .elementor-divider-separator:after,.elementor-widget-divider--view-line_text .elementor-divider-separator:before{display:block;content:\"\";border-bottom:0;flex-grow:1;border-top:var(--divider-border-width) var(--divider-border-style) var(--divider-color)}.elementor-widget-divider--element-align-left .elementor-divider .elementor-divider-separator>.elementor-divider__svg:first-of-type{flex-grow:0;flex-shrink:100}.elementor-widget-divider--element-align-left .elementor-divider-separator:before{content:none}.elementor-widget-divider--element-align-left .elementor-divider__element{margin-left:0}.elementor-widget-divider--element-align-right .elementor-divider .elementor-divider-separator>.elementor-divider__svg:last-of-type{flex-grow:0;flex-shrink:100}.elementor-widget-divider--element-align-right .elementor-divider-separator:after{content:none}.elementor-widget-divider--element-align-right .elementor-divider__element{margin-right:0}.elementor-widget-divider:not(.elementor-widget-divider--view-line_text):not(.elementor-widget-divider--view-line_icon) .elementor-divider-separator{border-top:var(--divider-border-width) var(--divider-border-style) var(--divider-color)}.elementor-widget-divider--separator-type-pattern{--divider-border-style:none}.elementor-widget-divider--separator-type-pattern.elementor-widget-divider--view-line .elementor-divider-separator,.elementor-widget-divider--separator-type-pattern:not(.elementor-widget-divider--view-line) .elementor-divider-separator:after,.elementor-widget-divider--separator-type-pattern:not(.elementor-widget-divider--view-line) .elementor-divider-separator:before,.elementor-widget-divider--separator-type-pattern:not([class*=elementor-widget-divider--view]) .elementor-divider-separator{width:100%;min-height:var(--divider-pattern-height);-webkit-mask-size:var(--divider-pattern-size) 100%;mask-size:var(--divider-pattern-size) 100%;-webkit-mask-repeat:var(--divider-pattern-repeat);mask-repeat:var(--divider-pattern-repeat);background-color:var(--divider-color);-webkit-mask-image:var(--divider-pattern-url);mask-image:var(--divider-pattern-url)}.elementor-widget-divider--no-spacing{--divider-pattern-size:auto}.elementor-widget-divider--bg-round{--divider-pattern-repeat:round}.rtl .elementor-widget-divider .elementor-divider__text{direction:rtl}.e-con-inner>.elementor-widget-divider,.e-con>.elementor-widget-divider{width:var(--container-widget-width,100%);--flex-grow:var(--container-widget-flex-grow)}<\/style>\t\t<div class=\"elementor-divider\">\n\t\t\t<span class=\"elementor-divider-separator\">\n\t\t\t\t\t\t<\/span>\n\t\t<\/div>\n\t\t\t\t<\/div>\n\t\t\t\t<\/div>\n\t\t\t\t<div class=\"elementor-element elementor-element-7a84e46 elementor-widget elementor-widget-text-editor\" data-id=\"7a84e46\" data-element_type=\"widget\" data-widget_type=\"text-editor.default\">\n\t\t\t\t<div class=\"elementor-widget-container\">\n\t\t\t<style>\/*! elementor - v3.14.0 - 26-06-2023 *\/\n.elementor-widget-text-editor.elementor-drop-cap-view-stacked .elementor-drop-cap{background-color:#69727d;color:#fff}.elementor-widget-text-editor.elementor-drop-cap-view-framed .elementor-drop-cap{color:#69727d;border:3px solid;background-color:transparent}.elementor-widget-text-editor:not(.elementor-drop-cap-view-default) .elementor-drop-cap{margin-top:8px}.elementor-widget-text-editor:not(.elementor-drop-cap-view-default) .elementor-drop-cap-letter{width:1em;height:1em}.elementor-widget-text-editor .elementor-drop-cap{float:left;text-align:center;line-height:1;font-size:50px}.elementor-widget-text-editor .elementor-drop-cap-letter{display:inline-block}<\/style>\t\t\t\t<p>Realiz\u00f3 estudios de formaci\u00f3n inicial en escuelas cat\u00f3licas, es egresada del Instituto Tecnol\u00f3gico de M\u00e9rida, con la Licenciatura en Administraci\u00f3n de Empresas, con una Especialidad en Direcci\u00f3n de Centros Educativos por el centro de Investigaci\u00f3n e Innovaci\u00f3n educativa de escuelas cat\u00f3licas IIDEAC, Diplomado de Actualizaci\u00f3n de Equipos Directivos, por la Universidad Lasalle M\u00e9xico y el Secretariado para la misi\u00f3n educativa Lasallista. Diplomado en Mercadotecnia, por la Editorial Santillana.\u00a0<\/p><p>\u00a0<\/p><p>Capacitaci\u00f3n en el extranjero a trav\u00e9s de Programas de actualizaci\u00f3n: sobre Liderazgo Horizontal, en San Diego California USA, Coaching a docentes en Madrid, Espa\u00f1a, Capacitaci\u00f3n de Escuelas \u201c Leader In Me\u201d en Atlanta, Georgia, Diplomado Escuelas de alto rendimiento, Toronto Canad\u00e1 OISE Universidad de Toronto, Conociendo los programas de formaci\u00f3n docente, ministerio de Educaci\u00f3n, Helsinki, Finlandia.\u00a0<\/p><p>\u00a0<\/p><p>Asistencia a Congresos Internacionales de Educaci\u00f3n, por 12 a\u00f1os consecutivos a trav\u00e9s de UNOI, en Colombia, Argentina, Brasil, Panam\u00e1, Chile, Estados Unidos, M\u00e9xico entre otros. En tres de ellos invitada a participar en mesas panel con directores de colegio de la Red UNOI.\u00a0<\/p><p>\u00a0<\/p><p>Cuenta con experiencia de m\u00e1s de 20 a\u00f1os en educaci\u00f3n b\u00e1sica en escuelas privadas cat\u00f3licas. Se ha desempe\u00f1ado como director Escolar, en los \u00faltimos 12 a\u00f1os, implementando programas de innovaci\u00f3n y calidad, en la Instituci\u00f3n a su cargo. Forma parte del equipo de vinculaci\u00f3n de directores Lasallistas de Quintana Roo.\u00a0<\/p>\t\t\t\t\t\t<\/div>\n\t\t\t\t<\/div>\n\t\t\t\t<div class=\"elementor-element elementor-element-c024409 elementor-widget elementor-widget-spacer\" data-id=\"c024409\" data-element_type=\"widget\" data-widget_type=\"spacer.default\">\n\t\t\t\t<div class=\"elementor-widget-container\">\n\t\t\t\t\t<div class=\"elementor-spacer\">\n\t\t\t<div class=\"elementor-spacer-inner\"><\/div>\n\t\t<\/div>\n\t\t\t\t<\/div>\n\t\t\t\t<\/div>\n\t\t\t\t\t<\/div>\n\t\t<\/div>\n\t\t\t\t\t\t\t<\/div>\n\t\t<\/section>\n\t\t\t\t\t\t\t<\/div>\n\t\t","protected":false},"excerpt":{"rendered":"<p>Inicio Nuestro Prop\u00f3sito Semblanzas Hno. \u00c1lvaro Antonio Rodr\u00edguez Echeverr\u00eda, FSC Hno. Rafael Cer\u00f3n. Lourdes Magaly Azcorra Rej\u00f3n Mtro. Efra\u00edn Calder\u00f3n Amaya Mtro. Mauricio Guerrero Luna Programa de actividades Galer\u00eda &#9776; Lourdes Magali Azcorra Rej\u00f3n Realiz\u00f3 estudios de formaci\u00f3n inicial en escuelas cat\u00f3licas, es egresada del Instituto Tecnol\u00f3gico de M\u00e9rida, con la Licenciatura en Administraci\u00f3n de&hellip; <a class=\"more-link\" href=\"https:\/\/lasallecancun.edu.mx\/congresoeducacion2023\/lourdes-magali-azcorra-rejon\/\">Seguir leyendo <span class=\"screen-reader-text\">Lourdes Magali Azcorra Rej\u00f3n<\/span><\/a><\/p>\n","protected":false},"author":1,"featured_media":0,"parent":0,"menu_order":0,"comment_status":"closed","ping_status":"closed","template":"elementor_canvas","meta":[],"_links":{"self":[{"href":"https:\/\/lasallecancun.edu.mx\/congresoeducacion2023\/wp-json\/wp\/v2\/pages\/84"}],"collection":[{"href":"https:\/\/lasallecancun.edu.mx\/congresoeducacion2023\/wp-json\/wp\/v2\/pages"}],"about":[{"href":"https:\/\/lasallecancun.edu.mx\/congresoeducacion2023\/wp-json\/wp\/v2\/types\/page"}],"author":[{"embeddable":true,"href":"https:\/\/lasallecancun.edu.mx\/congresoeducacion2023\/wp-json\/wp\/v2\/users\/1"}],"replies":[{"embeddable":true,"href":"https:\/\/lasallecancun.edu.mx\/congresoeducacion2023\/wp-json\/wp\/v2\/comments?post=84"}],"version-history":[{"count":3,"href":"https:\/\/lasallecancun.edu.mx\/congresoeducacion2023\/wp-json\/wp\/v2\/pages\/84\/revisions"}],"predecessor-version":[{"id":517,"href":"https:\/\/lasallecancun.edu.mx\/congresoeducacion2023\/wp-json\/wp\/v2\/pages\/84\/revisions\/517"}],"wp:attachment":[{"href":"https:\/\/lasallecancun.edu.mx\/congresoeducacion2023\/wp-json\/wp\/v2\/media?parent=84"}],"curies":[{"name":"wp","href":"https:\/\/api.w.org\/{rel}","templated":true}]}}