{"id":132,"date":"2023-07-05T19:03:50","date_gmt":"2023-07-05T19:03:50","guid":{"rendered":"https:\/\/lasallecancun.edu.mx\/congresoeducacion2023\/?page_id=132"},"modified":"2023-07-28T01:38:28","modified_gmt":"2023-07-28T01:38:28","slug":"programa-actividades","status":"publish","type":"page","link":"https:\/\/lasallecancun.edu.mx\/congresoeducacion2023\/programa-actividades\/","title":{"rendered":"Programa de actividades"},"content":{"rendered":"\t\t<div data-elementor-type=\"wp-page\" data-elementor-id=\"132\" class=\"elementor elementor-132\">\n\t\t\t\t\t\t\t\t\t<section class=\"elementor-section elementor-top-section elementor-element elementor-element-bc74286 elementor-section-boxed elementor-section-height-default elementor-section-height-default\" data-id=\"bc74286\" data-element_type=\"section\">\n\t\t\t\t\t\t<div class=\"elementor-container elementor-column-gap-default\">\n\t\t\t\t\t<div class=\"elementor-column elementor-col-33 elementor-top-column elementor-element elementor-element-9b6de20\" data-id=\"9b6de20\" data-element_type=\"column\" data-settings=\"{&quot;background_background&quot;:&quot;classic&quot;}\">\n\t\t\t<div class=\"elementor-widget-wrap elementor-element-populated\">\n\t\t\t\t\t\t\t\t<div class=\"elementor-element elementor-element-57dc103 elementor-widget elementor-widget-image\" data-id=\"57dc103\" data-element_type=\"widget\" data-widget_type=\"image.default\">\n\t\t\t\t<div class=\"elementor-widget-container\">\n\t\t\t<style>\/*! elementor - v3.14.0 - 26-06-2023 *\/\n.elementor-widget-image{text-align:center}.elementor-widget-image a{display:inline-block}.elementor-widget-image a img[src$=\".svg\"]{width:48px}.elementor-widget-image img{vertical-align:middle;display:inline-block}<\/style>\t\t\t\t\t\t\t\t\t\t\t\t\t<a href=\"https:\/\/lasallecancun-edu.mx\/congresoeducacion2023\/\">\n\t\t\t\t\t\t\t<img decoding=\"async\" width=\"300\" height=\"186\" src=\"https:\/\/lasallecancun.edu.mx\/congresoeducacion2023\/wp-content\/uploads\/2023\/07\/logo-FML23-300x186.png\" class=\"attachment-medium size-medium wp-image-16\" alt=\"\" loading=\"lazy\" srcset=\"https:\/\/lasallecancun.edu.mx\/congresoeducacion2023\/wp-content\/uploads\/2023\/07\/logo-FML23-300x186.png 300w, https:\/\/lasallecancun.edu.mx\/congresoeducacion2023\/wp-content\/uploads\/2023\/07\/logo-FML23.png 700w\" sizes=\"(max-width: 300px) 100vw, 300px\" style=\"width:100%;height:62.14%;max-width:700px\" \/>\t\t\t\t\t\t\t\t<\/a>\n\t\t\t\t\t\t\t\t\t\t\t\t\t\t\t<\/div>\n\t\t\t\t<\/div>\n\t\t\t\t\t<\/div>\n\t\t<\/div>\n\t\t\t\t<div class=\"elementor-column elementor-col-66 elementor-top-column elementor-element elementor-element-6f44493\" data-id=\"6f44493\" data-element_type=\"column\" data-settings=\"{&quot;background_background&quot;:&quot;classic&quot;}\">\n\t\t\t<div class=\"elementor-widget-wrap elementor-element-populated\">\n\t\t\t\t\t\t\t\t<div class=\"elementor-element elementor-element-e68ebbd elementor-widget elementor-widget-html\" data-id=\"e68ebbd\" data-element_type=\"widget\" data-widget_type=\"html.default\">\n\t\t\t\t<div class=\"elementor-widget-container\">\n\t\t\t<!DOCTYPE html>\n<html>\n<head>\n<meta name=\"viewport\" content=\"width=device-width, initial-scale=1\">\n<link rel=\"stylesheet\" href=\"https:\/\/cdnjs.cloudflare.com\/ajax\/libs\/font-awesome\/4.7.0\/css\/font-awesome.min.css\">\n<style>\n\n@font-face {\n   font-family: myFirstFont;\n   src: url(https:\/\/lasallecancun.edu.mx\/fonts\/indivisa_display_sans-regular.woff);\n   font-weight: bold;\n}\n\n* {\n   font-family: myFirstFont;\n}\t\nbody {margin:0px; text-align: center}\n.topnav {\n  overflow: hidden;\n  background-color: #232e64;\n}\n\n.topnav a {\n  float: left;\n  display: block;\n  color: #f2f2f2;\n  text-align: left;\n  padding: 14px 20px;\n  text-decoration: none;\n  font-size: 18pxpx;\n  line-height: 22px;\n}\n\n.active {\n  background-color: #04AA6D;\n  color: white;\t\n}\n\n.topnav .icon {\n  display: none;\n}\n\n.dropdown {\n  float: left;\n  overflow: hidden;\n  background-color: #232e64;\n}\n\n.dropdown .dropbtn {\n  font-size: 18px;\n  line-height: 22px;\n  border: none;\n  outline: none;\n  color: white;\n  padding: 14px 19px;\n  background-color: inherit;\n  font-family: inherit;\n  margin: 0;\n  text-align: left;\n}\n\n.dropdown-content {\n  display: none;\n  position: absolute;\n  background-color: #2378dc;\n  width: 60%;\n  box-shadow: 0px 8px 16px 0px rgba(0,0,0,0.2);\n  z-index: 1;\n}\n\n.dropdown-content a {\n  float: none;\n  color: white;\n  padding: 12px 16px;\n  text-decoration: none;\n  display: block;\n  text-align: left;\n}\n\n.topnav a:hover, .dropdown:hover .dropbtn {\n  background-color: inherit;\n  color:#fa4238;\n}\n\n.dropdown-content a:hover { \n  color:#232e64;\n}\n\n.dropdown:hover .dropdown-content {\n  display: block;\n}\n\n.fa-chevron-down {\n\t\tcolor:red;\n\t\tpadding-left: 10px;\n\t}\n\t\n.dropbtn{background-color: #232e64!important;}\n\t\n.subseccion {\n\tdisplay: block;\n   text-decoration: none!important;\n\tcolor:#232e64!important;\n\tpadding: 15px 0px 15px 12px;\n\t}\t\n\n@media screen and (min-width: 1200px) {\n  .topnav a,\n  .dropdown .dropbtn {\n    font-size: 22px;\n    line-height: 24px;\n  }\n}\n\n@media screen and (max-width: 1200px) {\n  .topnav a,\n  .dropdown .dropbtn {\n    font-size: 20px;\n    line-height: 22px;\n  }\n}\n\n@media screen and (max-width: 800px) {\n  .topnav a,\n  .dropdown .dropbtn {\n    font-size: 18px;\n    line-height: 20px;\n  }\n}\t\t\n\t\n\t\n@media screen and (max-width: 768px) {\n  .topnav a:not(:first-child), .dropdown .dropbtn {\n    display: none;\n  }\n  .topnav a.icon {\n    float: right;\n    display: block;\n  }\n}\n\n@media screen and (max-width: 768px) {\n  .topnav.responsive {position: relative;}\n  .topnav.responsive .icon {\n    position: absolute;\n    right: 0;\n    top: 0;\n  }\n  .topnav.responsive a {\n    float: none;\n    display: block;\n    text-align: left;\n  }\n  .topnav.responsive .dropdown {float: none;}\n  .topnav.responsive .dropdown-content {position: relative;}\n  .topnav.responsive .dropdown .dropbtn {\n    display: block;\n    width: 100%;\n    text-align: left;\n  }\n}\n<\/style>\n<\/head>\n<body>\n\n<div class=\"topnav\" id=\"myTopnav\">\n\t<a href=\"https:\/\/lasallecancun.edu.mx\/congresoeducacion2023\/\">Inicio<\/a>\n\t<a href=\"https:\/\/lasallecancun.edu.mx\/congresoeducacion2023\/nuestro-proposito\">Nuestro Prop\u00f3sito<\/a>\n    <div class=\"dropdown\">\n    <button class=\"dropbtn\">Semblanzas \n      <i class=\"fa fa-chevron-down\"><\/i>\n    <\/button>\n    <div class=\"dropdown-content\">\n      <a href=\"https:\/\/lasallecancun.edu.mx\/congresoeducacion2023\/hno-alvaro-antonio-rodriguez-echeverria\">Hno. \u00c1lvaro Antonio Rodr\u00edguez Echeverr\u00eda, FSC<\/a>\n      <a href=\"https:\/\/lasallecancun.edu.mx\/congresoeducacion2023\/hno-rafael-ceron\">Hno. Rafael Cer\u00f3n.<\/a>\n\t  <a href=\"https:\/\/lasallecancun.edu.mx\/congresoeducacion2023\/lourdes-magali-azcorra-rejon\">Lourdes Magaly Azcorra Rej\u00f3n<\/a>\n\t  <a href=\"https:\/\/lasallecancun.edu.mx\/congresoeducacion2023\/mtro-efrain-calderon-amaya\">Mtro. Efra\u00edn Calder\u00f3n Amaya<\/a>\n\t   <a href=\"https:\/\/lasallecancun.edu.mx\/congresoeducacion2023\/mtro-mauricio-guerrero-luna\">Mtro. Mauricio Guerrero Luna<\/a>\t\n\t  <span class=\"subseccion\"><\/span>\t\n    <\/div>\n  <\/div>\n   <a href=\"https:\/\/lasallecancun.edu.mx\/congresoeducacion2023\/programa-actividades\">Programa de actividades<\/a>\n  <a href=\"https:\/\/lasallecancun.edu.mx\/congresoeducacion2023\/galeria-0\">Galer\u00eda<\/a>\t\n\n  <a href=\"javascript:void(0);\" style=\"font-size:35px;padding-right:55px\" class=\"icon\" onclick=\"myFunction()\">&#9776;<\/a>\n<\/div>\n\n\n\n<script>\nfunction myFunction() {\n  var x = document.getElementById(\"myTopnav\");\n  if (x.className === \"topnav\") {\n    x.className += \" responsive\";\n  } else {\n    x.className = \"topnav\";\n  }\n}\n<\/script>\n\n<\/body>\n<\/html>\n\t\t<\/div>\n\t\t\t\t<\/div>\n\t\t\t\t\t<\/div>\n\t\t<\/div>\n\t\t\t\t\t\t\t<\/div>\n\t\t<\/section>\n\t\t\t\t<section class=\"elementor-section elementor-top-section elementor-element elementor-element-c04ef70 elementor-section-boxed elementor-section-height-default elementor-section-height-default\" data-id=\"c04ef70\" data-element_type=\"section\">\n\t\t\t\t\t\t<div class=\"elementor-container elementor-column-gap-default\">\n\t\t\t\t\t<div class=\"elementor-column elementor-col-33 elementor-top-column elementor-element elementor-element-e01ebcc\" data-id=\"e01ebcc\" data-element_type=\"column\">\n\t\t\t<div class=\"elementor-widget-wrap elementor-element-populated\">\n\t\t\t\t\t\t\t\t<div class=\"elementor-element elementor-element-076600c elementor-widget elementor-widget-image\" data-id=\"076600c\" data-element_type=\"widget\" data-widget_type=\"image.default\">\n\t\t\t\t<div class=\"elementor-widget-container\">\n\t\t\t\t\t\t\t\t\t\t\t\t\t\t\t<img decoding=\"async\" width=\"300\" height=\"170\" src=\"https:\/\/lasallecancun.edu.mx\/congresoeducacion2023\/wp-content\/uploads\/2023\/07\/Asset-4img-programa-300x170.png\" class=\"attachment-medium size-medium wp-image-137\" alt=\"\" loading=\"lazy\" srcset=\"https:\/\/lasallecancun.edu.mx\/congresoeducacion2023\/wp-content\/uploads\/2023\/07\/Asset-4img-programa-300x170.png 300w, https:\/\/lasallecancun.edu.mx\/congresoeducacion2023\/wp-content\/uploads\/2023\/07\/Asset-4img-programa-768x435.png 768w, https:\/\/lasallecancun.edu.mx\/congresoeducacion2023\/wp-content\/uploads\/2023\/07\/Asset-4img-programa.png 993w\" sizes=\"(max-width: 300px) 100vw, 300px\" style=\"width:100%;height:56.7%;max-width:993px\" \/>\t\t\t\t\t\t\t\t\t\t\t\t\t\t\t<\/div>\n\t\t\t\t<\/div>\n\t\t\t\t<div class=\"elementor-element elementor-element-9299ec1 elementor-widget elementor-widget-spacer\" data-id=\"9299ec1\" data-element_type=\"widget\" data-widget_type=\"spacer.default\">\n\t\t\t\t<div class=\"elementor-widget-container\">\n\t\t\t<style>\/*! elementor - v3.14.0 - 26-06-2023 *\/\n.elementor-column .elementor-spacer-inner{height:var(--spacer-size)}.e-con{--container-widget-width:100%}.e-con-inner>.elementor-widget-spacer,.e-con>.elementor-widget-spacer{width:var(--container-widget-width,var(--spacer-size));--align-self:var(--container-widget-align-self,initial);--flex-shrink:0}.e-con-inner>.elementor-widget-spacer>.elementor-widget-container,.e-con-inner>.elementor-widget-spacer>.elementor-widget-container>.elementor-spacer,.e-con>.elementor-widget-spacer>.elementor-widget-container,.e-con>.elementor-widget-spacer>.elementor-widget-container>.elementor-spacer{height:100%}.e-con-inner>.elementor-widget-spacer>.elementor-widget-container>.elementor-spacer>.elementor-spacer-inner,.e-con>.elementor-widget-spacer>.elementor-widget-container>.elementor-spacer>.elementor-spacer-inner{height:var(--container-widget-height,var(--spacer-size))}<\/style>\t\t<div class=\"elementor-spacer\">\n\t\t\t<div class=\"elementor-spacer-inner\"><\/div>\n\t\t<\/div>\n\t\t\t\t<\/div>\n\t\t\t\t<\/div>\n\t\t\t\t\t<\/div>\n\t\t<\/div>\n\t\t\t\t<div class=\"elementor-column elementor-col-66 elementor-top-column elementor-element elementor-element-f7d0c4b\" data-id=\"f7d0c4b\" data-element_type=\"column\">\n\t\t\t<div class=\"elementor-widget-wrap\">\n\t\t\t\t\t\t\t\t\t<\/div>\n\t\t<\/div>\n\t\t\t\t\t\t\t<\/div>\n\t\t<\/section>\n\t\t\t\t<section class=\"elementor-section elementor-top-section elementor-element elementor-element-1721d8f elementor-section-boxed elementor-section-height-default elementor-section-height-default\" data-id=\"1721d8f\" data-element_type=\"section\">\n\t\t\t\t\t\t<div class=\"elementor-container elementor-column-gap-default\">\n\t\t\t\t\t<div class=\"elementor-column elementor-col-100 elementor-top-column elementor-element elementor-element-12437bf\" data-id=\"12437bf\" data-element_type=\"column\">\n\t\t\t<div class=\"elementor-widget-wrap elementor-element-populated\">\n\t\t\t\t\t\t\t\t<div class=\"elementor-element elementor-element-9f166e4 elementor-widget__width-initial elementor-widget elementor-widget-image\" data-id=\"9f166e4\" data-element_type=\"widget\" data-widget_type=\"image.default\">\n\t\t\t\t<div class=\"elementor-widget-container\">\n\t\t\t\t\t\t\t\t\t\t\t\t\t\t\t<img decoding=\"async\" width=\"750\" height=\"971\" src=\"https:\/\/lasallecancun.edu.mx\/congresoeducacion2023\/wp-content\/uploads\/2023\/07\/programa-congreso-791x1024.jpg\" class=\"attachment-large size-large wp-image-301\" alt=\"\" loading=\"lazy\" srcset=\"https:\/\/lasallecancun.edu.mx\/congresoeducacion2023\/wp-content\/uploads\/2023\/07\/programa-congreso-791x1024.jpg 791w, https:\/\/lasallecancun.edu.mx\/congresoeducacion2023\/wp-content\/uploads\/2023\/07\/programa-congreso-232x300.jpg 232w, https:\/\/lasallecancun.edu.mx\/congresoeducacion2023\/wp-content\/uploads\/2023\/07\/programa-congreso-768x994.jpg 768w, https:\/\/lasallecancun.edu.mx\/congresoeducacion2023\/wp-content\/uploads\/2023\/07\/programa-congreso-1187x1536.jpg 1187w, https:\/\/lasallecancun.edu.mx\/congresoeducacion2023\/wp-content\/uploads\/2023\/07\/programa-congreso.jpg 1500w\" sizes=\"(max-width: 750px) 100vw, 750px\" style=\"width:100%;height:129.4%;max-width:1500px\" \/>\t\t\t\t\t\t\t\t\t\t\t\t\t\t\t<\/div>\n\t\t\t\t<\/div>\n\t\t\t\t\t<\/div>\n\t\t<\/div>\n\t\t\t\t\t\t\t<\/div>\n\t\t<\/section>\n\t\t\t\t\t\t\t<\/div>\n\t\t","protected":false},"excerpt":{"rendered":"<p>Inicio Nuestro Prop\u00f3sito Semblanzas Hno. \u00c1lvaro Antonio Rodr\u00edguez Echeverr\u00eda, FSC Hno. Rafael Cer\u00f3n. Lourdes Magaly Azcorra Rej\u00f3n Mtro. Efra\u00edn Calder\u00f3n Amaya Mtro. Mauricio Guerrero Luna Programa de actividades Galer\u00eda &#9776;<\/p>\n","protected":false},"author":1,"featured_media":0,"parent":0,"menu_order":0,"comment_status":"closed","ping_status":"closed","template":"elementor_canvas","meta":[],"_links":{"self":[{"href":"https:\/\/lasallecancun.edu.mx\/congresoeducacion2023\/wp-json\/wp\/v2\/pages\/132"}],"collection":[{"href":"https:\/\/lasallecancun.edu.mx\/congresoeducacion2023\/wp-json\/wp\/v2\/pages"}],"about":[{"href":"https:\/\/lasallecancun.edu.mx\/congresoeducacion2023\/wp-json\/wp\/v2\/types\/page"}],"author":[{"embeddable":true,"href":"https:\/\/lasallecancun.edu.mx\/congresoeducacion2023\/wp-json\/wp\/v2\/users\/1"}],"replies":[{"embeddable":true,"href":"https:\/\/lasallecancun.edu.mx\/congresoeducacion2023\/wp-json\/wp\/v2\/comments?post=132"}],"version-history":[{"count":4,"href":"https:\/\/lasallecancun.edu.mx\/congresoeducacion2023\/wp-json\/wp\/v2\/pages\/132\/revisions"}],"predecessor-version":[{"id":529,"href":"https:\/\/lasallecancun.edu.mx\/congresoeducacion2023\/wp-json\/wp\/v2\/pages\/132\/revisions\/529"}],"wp:attachment":[{"href":"https:\/\/lasallecancun.edu.mx\/congresoeducacion2023\/wp-json\/wp\/v2\/media?parent=132"}],"curies":[{"name":"wp","href":"https:\/\/api.w.org\/{rel}","templated":true}]}}